{"id":57,"date":"2023-10-23T16:48:30","date_gmt":"2023-10-23T14:48:30","guid":{"rendered":"http:\/\/172.20.3.20\/centroaip\/?page_id=57"},"modified":"2023-10-24T18:50:21","modified_gmt":"2023-10-24T16:50:21","slug":"d-ssa-laura-rapana","status":"publish","type":"page","link":"https:\/\/www.centroaip.it\/?page_id=57","title":{"rendered":"D.ssa Laura Rapan\u00e0"},"content":{"rendered":"\n<p><strong>Presidente CentroAip<\/strong><\/p>\n\n\n\n<p>Psicologa clinica e psicoterapeuta, esperta dell\u2019et\u00e0 evolutiva. Nel campo della genitorialit\u00e0 \u00e8 abilitata all\u2019utilizzo del modello COS (Cirlce of Security) come base per un Parent Training.Vivo e lavoro come psicologa e psicoterapeuta privatamente a Roma.<\/p>\n\n\n\n<div class=\"wp-block-media-text is-stacked-on-mobile\" style=\"grid-template-columns:39% auto\"><figure class=\"wp-block-media-text__media\"><img loading=\"lazy\" decoding=\"async\" width=\"188\" height=\"281\" src=\"http:\/\/www.centroaip.it\/wp-content\/uploads\/2023\/10\/laura2.png\" alt=\"\" class=\"wp-image-162 size-full\"\/><\/figure><div class=\"wp-block-media-text__content\">\n<p>Mi sono laureata in Psicologia con indirizzo Clinico e di Comunit\u00e0 nel 1995 presso l\u2019Universit\u00e0 \u201cLa Sapienza\u201d di Roma con la votazione di 110 e lode. Iscritta all\u2019Ordine degli Psicologi del Lazio dal 1997 con n. di protocollo 7117. Tesi di laurea e successivo tirocinio li ho svolti presso il Dipartimento di Scienze Neurologiche e Psichiatriche dell\u2019 Et\u00e0 Evolutiva dell\u2019Universit\u00e0 degli Studi di Roma \u201cLa Sapienza\u201d. Ho conseguito il diploma di specializzazione nel 2001 in Psicoterapia Individuale e di Gruppo rilasciato dalla Scuola di Formazione Quadriennale in Psicologia Clinica di Comunit\u00e0 e Psicoterapia Umanistica Integrata ASPIC. Riconosciuta dal Ministero dell\u2019Universit\u00e0 e della Ricerca Scientifica e Tecnologica (Decreto Ministeriale 9-05-1994-Legge n\u00b0 56\/89 art.3).<\/p>\n<\/div><\/div>\n\n\n\n<hr class=\"wp-block-separator has-alpha-channel-opacity\"\/>\n\n\n\n<h3 class=\"wp-block-heading\">I miei principali campi di attivit\u00e0<\/h3>\n\n\n\n<p>Mi occupo principalmente di accogliere:<\/p>\n\n\n\n<ul class=\"wp-block-list\">\n<li>la famiglia in difficolt\u00e0 per vari motivi e nelle varie fasi del ciclo di vita<\/li>\n\n\n\n<li>le problematiche nella coppia intima (sfera sessuale, difficolt\u00e0 nella comunicazione)<\/li>\n\n\n\n<li>il senso di inadeguatezza\/incertezza nel processo della genitorialit\u00e0 (dal momento della procreazione allo svincolamento dei figli da casa)<\/li>\n\n\n\n<li>le difficolt\u00e0 dell\u2019adulto (ansia, attacchi di panico, depressione, stress, disturbi sessuali, difficolt\u00e0 interpersonali, disturbi di personalit\u00e0)<\/li>\n\n\n\n<li>le difficolt\u00e0 dell\u2019et\u00e0 evolutiva (insicurezza, timidezza, fobie varie, difficolt\u00e0 del sonno, sintomi psicosomatici, difficolt\u00e0 scolastiche)<\/li>\n\n\n\n<li>le difficolt\u00e0 dell\u2019 adolescenza (bassa autostima, difficolt\u00e0 comportamentali, difficolt\u00e0 relazionali, dipendenze varie)<\/li>\n<\/ul>\n\n\n\n<hr class=\"wp-block-separator has-alpha-channel-opacity\"\/>\n\n\n\n<h3 class=\"wp-block-heading\">Come svolgo il mio lavoro<\/h3>\n\n\n\n<p>Accolgo la persona, bambino, coppia, famiglia per una prima fase di valutazione del disagio portato e dopo un\u2019attenta analisi della problematica espressa propongo un percorso personalizzato per il raggiungimento degli obiettivi prefissati. Il percorso di sostegno psicologico e\/o psicopedagogico e\/o psicoterapeutico \u00e8 intervallato da momenti di verifica del suo andamento (soddisfazione degli obiettivi raggiunti a breve, medio, lungo termine). La mia modalit\u00e0 di relazione psicoterapeutica si basa su un approccio essenzialmente umanistico esistenziale all\u2019interno del quale \u00e8 inserita una formazione pluralistica integrata che mi consente di utilizzare diverse prospettive di osservazione prima e di intervento poi con la persona che arriva con le sue difficolt\u00e0. Un importante strumento di crescita personale che pu\u00f2 accompagnare e sostenere la psicoterapia individuale \u00e8 il gruppo che con le sue innumerevoli potenzialit\u00e0 facilita e accelera il raggiungimento di molti obiettivi. E\u2019 uno strumento che utilizzo, seppur con modalit\u00e0 differenti tra loro, con i bambini, pre-adolescenti, adolescenti e adulti.<\/p>\n\n\n\n<hr class=\"wp-block-separator has-alpha-channel-opacity\"\/>\n","protected":false},"excerpt":{"rendered":"<p>Presidente CentroAip Psicologa clinica e psicoterapeuta, esperta dell\u2019et\u00e0 evolutiva. Nel campo della genitorialit\u00e0 \u00e8 abilitata all\u2019utilizzo del modello COS (Cirlce of Security) come base per un Parent Training.Vivo e lavoro &hellip;<\/p>\n","protected":false},"author":1,"featured_media":0,"parent":10,"menu_order":0,"comment_status":"closed","ping_status":"closed","template":"","meta":{"footnotes":""},"class_list":["post-57","page","type-page","status-publish",""],"_links":{"self":[{"href":"https:\/\/www.centroaip.it\/index.php?rest_route=\/wp\/v2\/pages\/57","targetHints":{"allow":["GET"]}}],"collection":[{"href":"https:\/\/www.centroaip.it\/index.php?rest_route=\/wp\/v2\/pages"}],"about":[{"href":"https:\/\/www.centroaip.it\/index.php?rest_route=\/wp\/v2\/types\/page"}],"author":[{"embeddable":true,"href":"https:\/\/www.centroaip.it\/index.php?rest_route=\/wp\/v2\/users\/1"}],"replies":[{"embeddable":true,"href":"https:\/\/www.centroaip.it\/index.php?rest_route=%2Fwp%2Fv2%2Fcomments&post=57"}],"version-history":[{"count":4,"href":"https:\/\/www.centroaip.it\/index.php?rest_route=\/wp\/v2\/pages\/57\/revisions"}],"predecessor-version":[{"id":2548,"href":"https:\/\/www.centroaip.it\/index.php?rest_route=\/wp\/v2\/pages\/57\/revisions\/2548"}],"up":[{"embeddable":true,"href":"https:\/\/www.centroaip.it\/index.php?rest_route=\/wp\/v2\/pages\/10"}],"wp:attachment":[{"href":"https:\/\/www.centroaip.it\/index.php?rest_route=%2Fwp%2Fv2%2Fmedia&parent=57"}],"curies":[{"name":"wp","href":"https:\/\/api.w.org\/{rel}","templated":true}]}}