{"id":63,"date":"2023-10-23T16:51:32","date_gmt":"2023-10-23T14:51:32","guid":{"rendered":"http:\/\/172.20.3.20\/centroaip\/?page_id=63"},"modified":"2023-10-24T18:50:48","modified_gmt":"2023-10-24T16:50:48","slug":"dott-salvatore-la-fata","status":"publish","type":"page","link":"https:\/\/www.centroaip.it\/?page_id=63","title":{"rendered":"Dott. Salvatore La Fata"},"content":{"rendered":"\n<p><strong>Vice Presidente CentroAip<\/strong><\/p>\n\n\n\n<p>Psicologo, counsellor, psicoterapeuta, Pet-Therapist, esperto nelle dinamiche relazionali e nella comunicazione.<\/p>\n\n\n\n<div class=\"wp-block-media-text is-stacked-on-mobile\" style=\"grid-template-columns:42% auto\"><figure class=\"wp-block-media-text__media\"><img loading=\"lazy\" decoding=\"async\" width=\"162\" height=\"215\" src=\"http:\/\/www.centroaip.it\/wp-content\/uploads\/2023\/10\/9_img.jpg\" alt=\"\" class=\"wp-image-166 size-full\"\/><\/figure><div class=\"wp-block-media-text__content\">\n<p>Mi chiamo Salvatore, ho 38 anni e sono di origine siciliana. Sono uno Psicologo Psicoterapeuta, Counselor, Formatore e mi occupo anche da anni di Attivit\u00e0 e Terapie Assistite dall\u2019Animale domestico. Nello specifico lavoro con i cani di razza Golden Retriever che seleziono e allevo personalmente (allevamento Over Dreams\u2019). Mi sono laureato in Psicologia del Lavoro e delle Organizzazioni&nbsp; presso l\u2019Universit\u00e0 \u201cLa Sapienza\u201d di Roma e all\u2019inizio della mia carriera mi sono occupato di Formazione del personale in ambito aziendale. Sono iscritto all\u2019Albo degli Psicologi e degli Psicoterapeuti del Lazio con il n\u00b0 8437. Oggi la mia attivit\u00e0 professionale si esplica soprattutto nell\u2019ambito della psicoterapia clinica in ambito privato sia in contesti individuali che di gruppo (con la collega Laura Rapan\u00e0 abbiamo avviato in questi anni quattro gruppi di psicoterapia che si svolgono a cadenza quindicinale).<\/p>\n<\/div><\/div>\n\n\n\n<hr class=\"wp-block-separator has-alpha-channel-opacity\"\/>\n\n\n\n<h3 class=\"wp-block-heading\">La mia Formazione:<\/h3>\n\n\n\n<p>Dopo la Laurea ho conseguito un Master in Counseling professionale, un Master in Programmazione Neurolinguistica (PNL), un&nbsp; Master di Formazione per Formatori e successivamente il Diploma di Specializzazione quadriennale in Psicoterapia ad indirizzo Umanistico-Esistenziale Integrato, presso l\u2019A.S.P.I.C. di Roma. Ho quindi gradualmente spostato il mio focus professionale quasi del tutto verso l\u2019ambito clinico, pur mantenendo una passione per la formazione che espleto come docente per alcune scuole di counseling e di psicoterapia.<\/p>\n\n\n\n<hr class=\"wp-block-separator has-alpha-channel-opacity\"\/>\n\n\n\n<h3 class=\"wp-block-heading\">L\u2019approccio Terapeutico:<\/h3>\n\n\n\n<p>L\u2019approccio terapeutico che utilizzo \u00e8 quello Umanistico Esistenziale Integrato. L\u2019idea \u00e8 comunque quella di relazionarsi con l\u2019unicit\u00e0 della persona che si ha davanti, umanizzando il processo terapeutico ad un rapporto tra due persone. Come terapeuta non sono il detentore della verit\u00e0 assoluta ma mi assumo semplicemente il ruolo di guida e di catalizzatore delle risorse gi\u00e0 presenti in chi si rivolge a me, calibrando, da momento a momento, le tecniche e i ritmi dell\u2019esplorazione. Quello che offro nella relazione \u00e8 sicuramente accettazione incondizionata, empatia e congruenza. Il mio lavoro si concentra soprattutto sul vissuto emotivo, sui pensieri e sui comportamenti che generano disagio o malessere e sulla possibilit\u00e0 di affrontare le difficolt\u00e0 nel \u201cqui e ora\u201d liberandole dagli strascichi del passato, in modo da aiutare la persona a trovare il proprio personale&nbsp; modo di essere in integrazione con l\u2019ambiente in cui vive e lavora. Dopo diversi anni di attivit\u00e0,&nbsp; penso che la psicoterapia possa essere considerata un ottimo strumento di supporto per il Ben-Essere personale. Scopo di ogni percorso terapeutico \u00e8, infatti, offrire alla persona che si rivolge a me la possibilit\u00e0 di riflettere ed intervenire sul proprio rapporto con se stessa e col proprio modo di essere, sulla funzionalit\u00e0 delle proprie relazioni interpersonali, sul proprio rapporto di coppia, sulle proprie dinamiche in gruppo e sul proprio modo di vivere il contesto lavorativo. Per questo utilizzo tecniche interattive, visualizzazioni, tecniche di psico-drammatizzazione e, vista la mia passione per il mondo animale, faccio largo ricorso alle metafore, soprattutto di psicologia comparata.<\/p>\n\n\n\n<hr class=\"wp-block-separator has-alpha-channel-opacity\"\/>\n\n\n\n<h3 class=\"wp-block-heading\">Gli ambiti di intervento:<\/h3>\n\n\n\n<p>Condurre una vita sana, a mio parere, vuol dire essere consapevoli di s\u00e9 e delle proprie scelte e diventare registi e attori del proprio destino. Per questo l\u2019ambito fondamentale di cui mi occupo \u00e8 quello della consapevolezza e della comunicazione interpersonale. In generale lavoro con ragazzi, adolescenti e adulti su temi relativi:<\/p>\n\n\n\n<ul class=\"wp-block-list\">\n<li>all\u2019autostima e all\u2019accettazione di s\u00e9,<\/li>\n\n\n\n<li>alle difficolt\u00e0 nel relazionarsi con gli altri (difficolt\u00e0 scolastiche, crisi di coppia, difficolt\u00e0 di rapporto genitori-figli),<\/li>\n\n\n\n<li>ai disturbi d\u2019ansia (crisi d\u2019ansia, attacchi di panico, fobie, comportamenti ossessivi),<\/li>\n\n\n\n<li>ai disturbi dell\u2019umore (depressione, elaborazione del lutto, apatia, tendenza all\u2019isolamento)<\/li>\n\n\n\n<li>a problematiche e stress in ambito lavorativo.<\/li>\n<\/ul>\n\n\n\n<p>\u2026E in pi\u00f9 offro la possibilit\u00e0 di accarezzare uno dei miei cani!<\/p>\n","protected":false},"excerpt":{"rendered":"<p>Vice Presidente CentroAip Psicologo, counsellor, psicoterapeuta, Pet-Therapist, esperto nelle dinamiche relazionali e nella comunicazione. Mi chiamo Salvatore, ho 38 anni e sono di origine siciliana. Sono uno Psicologo Psicoterapeuta, Counselor, &hellip;<\/p>\n","protected":false},"author":1,"featured_media":0,"parent":10,"menu_order":0,"comment_status":"closed","ping_status":"closed","template":"","meta":{"footnotes":""},"class_list":["post-63","page","type-page","status-publish",""],"_links":{"self":[{"href":"https:\/\/www.centroaip.it\/index.php?rest_route=\/wp\/v2\/pages\/63","targetHints":{"allow":["GET"]}}],"collection":[{"href":"https:\/\/www.centroaip.it\/index.php?rest_route=\/wp\/v2\/pages"}],"about":[{"href":"https:\/\/www.centroaip.it\/index.php?rest_route=\/wp\/v2\/types\/page"}],"author":[{"embeddable":true,"href":"https:\/\/www.centroaip.it\/index.php?rest_route=\/wp\/v2\/users\/1"}],"replies":[{"embeddable":true,"href":"https:\/\/www.centroaip.it\/index.php?rest_route=%2Fwp%2Fv2%2Fcomments&post=63"}],"version-history":[{"count":3,"href":"https:\/\/www.centroaip.it\/index.php?rest_route=\/wp\/v2\/pages\/63\/revisions"}],"predecessor-version":[{"id":2549,"href":"https:\/\/www.centroaip.it\/index.php?rest_route=\/wp\/v2\/pages\/63\/revisions\/2549"}],"up":[{"embeddable":true,"href":"https:\/\/www.centroaip.it\/index.php?rest_route=\/wp\/v2\/pages\/10"}],"wp:attachment":[{"href":"https:\/\/www.centroaip.it\/index.php?rest_route=%2Fwp%2Fv2%2Fmedia&parent=63"}],"curies":[{"name":"wp","href":"https:\/\/api.w.org\/{rel}","templated":true}]}}