{"id":66,"date":"2023-10-23T16:53:14","date_gmt":"2023-10-23T14:53:14","guid":{"rendered":"http:\/\/172.20.3.20\/centroaip\/?page_id=66"},"modified":"2023-10-23T18:50:57","modified_gmt":"2023-10-23T16:50:57","slug":"le-nostre-publicazioni","status":"publish","type":"page","link":"https:\/\/www.centroaip.it\/?page_id=66","title":{"rendered":"Le Nostre Publicazioni"},"content":{"rendered":"\n<h1 class=\"wp-block-heading\">Laura Rapan\u00e0<\/h1>\n\n\n\n<ol class=\"wp-block-list\">\n<li>RAPAN\u00c0 L. (2020). Il Test DPA \u201cDimensional Personality Assessment\u201d.&nbsp;<em>Integrazione nelle Psicoterapie<\/em>, 10, 202-217.<\/li>\n\n\n\n<li>GIUSTI E., RAPAN\u00c0 L. (2019).&nbsp;<em>La Supervisione Multivariata. Guida pratica per professionisti della relazione d\u2019aiuto in formazione<\/em>, Armando Editore, Roma.<\/li>\n\n\n\n<li>RAPAN\u00c0 L., BARBARANELLI C. (2019). Il funzionamento della personalit\u00e0 secondo il DSM-5: DPA e SCID-5-AMPD. Due prospettive per un\u2019utilit\u00e0 clinica.<em>&nbsp;Phenomena Journal<\/em>, 1, 18-29. https:\/\/doi.org\/10.32069\/pj.2019.1.58<\/li>\n\n\n\n<li>RAPAN\u00c0 L., BARBARANELLI C. (2019). DPA-Dimensional Personality Assessment. An Integrated Approach according DSM-5. Test innovativo di valutazione processuale della personalit\u00e0.<em>&nbsp;Phenomena Journal<\/em>, 1, 74-86. https:\/\/doi.org\/10.32069\/pj.2019.1.18<\/li>\n\n\n\n<li>BARBARANELLI C., PACIFICO M., RAPAN\u00c0 L., ROSA V., GIANNINI L., GIUSTI E. (2019).&nbsp;<em>Dimensional Personality Assessment. Un approccio integrato secondo il DSM-5<\/em>, Giunti Psychometrics, Firenze.<\/li>\n\n\n\n<li>RAPAN\u00c0 L., SPALLETTA E. (2018). One Mental Shot AssessmenTherapy- OMeSA. Un nuovo modello d\u2019intervento integrato per diagnosi terapeutica e supervisione in una (sola) seduta.&nbsp;<em>Integrazione nelle Psicoterapie<\/em>, 8, 147-158.<\/li>\n\n\n\n<li>RAPAN\u00c0 L., LA FATA S., PROSPERI P. (2016). Progetto di ricerca,&nbsp;<em>Terapia integrata del cambiamento<\/em>&nbsp;(<em>Integrated Change Therapy<\/em>), nel sito www.aspicarsa.it<\/li>\n\n\n\n<li>RAPAN\u00c0 L. (2015). La supervisione clinica. Linee guida dell\u2019American Psychological Association per la supervisione clinica in psicologia,&nbsp;<em>You Tube<\/em>, 2 giu. https:\/\/youtu.be\/IU9KqWOhaJM<\/li>\n\n\n\n<li>RAPAN\u00c0 L. (2015). Aspettative genitoriali e aspirazioni dei figli.&nbsp;<em>Integrazione nelle Psicoterapie e nel Counseling<\/em>, 5, 37-42.<\/li>\n\n\n\n<li>RAPAN\u00c0 L. (2014). Tecniche di intervento psicologico per il cambiamento<em>,&nbsp;<\/em>in Giusti E., Pagani A.&nbsp;<em>Counselling psicologico. Assessment e interventi basati sulla ricerca scientifica<\/em>&nbsp;(pp. 115-133), Sovera, Roma.<\/li>\n\n\n\n<li>RAPAN\u00c0 L. (2013). La SPP. Scheda di sintesi del percorso psicoterapeutico.&nbsp;<em>Integrazione nelle Psicoterapie e nel Counseling<\/em>, 3, 272-279.<\/li>\n\n\n\n<li>RAPAN\u00c0 L. (2013). La valutazione dell\u2019uso\/abuso di Internet attraverso il Questionario U.A.D.I.&nbsp;<em>Integrazione nelle Psicoterapie e nel Counseling<\/em>, 3, 280-287.<\/li>\n\n\n\n<li>RAPAN\u00c0 L. (2012). Incontro con Laura Rapan\u00e0 (intervista)<em>,&nbsp;<\/em>in Giusti E., Pagani A.&nbsp;<em>Il successo professionale 2.0. Per le relazioni di aiuto \u2013 psicoterapeuti \u2013 counselor \u2013 coach<\/em>&nbsp;(pp. 167-172), Sovera, Roma.<\/li>\n\n\n\n<li>GIUSTI E., RAPAN\u00c0 L. (2011).&nbsp;<em>Valutazione pluralistica e trattamento clinico integrato del Disturbo Narcisistico di Personalit\u00e0<\/em>, Nuova Edizione, Sovera, Roma.<\/li>\n\n\n\n<li>RAPAN\u00c0 L. (2008). Disturbo cardiaco e fattori psicologici nel paziente anziano.&nbsp;<em>Sezione di Psicologia e\u2026 Psicoterapia del Periodico Cultura Informazione AERRE Anziani Rispettati<\/em>, Anno 11, Lug.\/Set., n. 7, Latina.<\/li>\n\n\n\n<li>RAPAN\u00c0 L. (2008). Il pensionamento e l\u2019attivit\u00e0 familiare.&nbsp;<em>Sezione di Psicologia e\u2026 Psicoterapia del Periodico Cultura Informazione AERRE Anziani Rispettati<\/em>, Anno 11, Giu., n. 6, Latina.<\/li>\n\n\n\n<li>RAPAN\u00c0 L. (2008). La coppia anziana: quale sessualit\u00e0\u2026?&nbsp;<em>Sezione di Psicologia e\u2026 Psicoterapia del Periodico Cultura Informazione AERRE Anziani Rispettati<\/em>, Anno 11, Mag., n. 5, Latina.<\/li>\n\n\n\n<li>RAPAN\u00c0 L. (2008). La depressione nell\u2019anziano.&nbsp;<em>Sezione di Psicologia e\u2026 Psicoterapia del Periodico Cultura Informazione AERRE Anziani Rispettati<\/em>, Anno 11, Apr., n. 4, Latina.<\/li>\n\n\n\n<li>GIUSTI E., RAPAN\u00c0 L. (2002).&nbsp;<em>Valutazione pluralistica e trattamento clinico integrato del Disturbo Narcisistico di Personalit\u00e0<\/em>, Sovera, Roma.<\/li>\n\n\n\n<li>RAPAN\u00c0 L. (2001). L\u2019autostima nel processo educativo.&nbsp;<em>Atti del \u201c2\u00b0 Seminario Internazionale di Aggiornamento e Formazione 5-6-7 Maggio<\/em>, Ed. Project Learning Formazione e Ricerca, Roma.<\/li>\n\n\n\n<li>RAPAN\u00c0 L. (1998). In materia di famiglia e dei minori a rischio.&nbsp;<em>Notiziario Forense, Periodico dell\u2019ordine degli Avvocati di Latina<\/em>, 1998, Aprile\/Giugno, 16-17.<\/li>\n\n\n\n<li>RAPAN\u00c0 L. (1998). Un\u2019analisi degli argomenti di tesi di laurea della facolt\u00e0 di psicologia (anni 1995-96-97).&nbsp;<em>Integrazione nelle Psicoterapie e nel Counseling<\/em>, 1998, n. \u00be, 249-256.<\/li>\n\n\n\n<li>FORNARA R., ARDOVINI C., RAPAN\u00c0 L., et al. (1994). La terapia della cefalea in et\u00e0 evolutiva: il sintomo, il bambino, la famiglia.&nbsp;<em>XVI Congresso Nazionale Societ\u00e0 Italiana di Neuropsichiatria Infantile<\/em>, Brescia, 299-301.<\/li>\n\n\n\n<li>RAPAN\u00c0 L. (1993). L\u2019adolescenza: un\u2019et\u00e0 ingrata?&nbsp;<em>Rivista Ufficiale dei Lions Clubs (Latina Mare)<\/em>, Gen.\/Mar. 10.<\/li>\n<\/ol>\n\n\n\n<h1 class=\"wp-block-heading\">Salvatore La Fata<\/h1>\n\n\n\n<ol class=\"wp-block-list\">\n<li>Vincere la timidezza e parlare in pubblico. Edizioni Sovera Roma (2010);<\/li>\n\n\n\n<li>Quando il mio terapeuta \u00e8 un cane (Principi di Animal Assisted Therapy) in collaborazione col prof. E. Giusti. Edizioni Sovera Roma (2005);<\/li>\n\n\n\n<li>&nbsp;\u201cUn film per esprimere le emozioni: L\u2019utilizzo della cimatografia in gruppo a fini terapeutici o di counseling psicologico\u201d INTEGRAZIONE nelle psicoterapie e nel counseling\u201d&nbsp; Edizioni scientifiche A.S.P.I.C. Roma (2003);<\/li>\n\n\n\n<li>&nbsp;Vedere un film ci attiva in maniera profonda in Aspic Informa. Bollettino di informazione e promozione della salute e del benessere psicologico anno 2 numero 3, supplemento alla rivista \u201cIntegrazione nelle psicoterapie e nel counseling\u201d n 9\/10. Edizioni scientifiche A.S.P.I.C. Roma (2001);<\/li>\n\n\n\n<li>Counseling on Line: il panorama delle nuove World Wide Factories&nbsp; in \u201cINTEGRAZIONE nelle<br>psicoterapie e nel counseling\u201d&nbsp; Edizioni scientifiche A.S.P.I.C. Roma<br>(2000);<\/li>\n\n\n\n<li>Pensiero Complesso e Abilit\u00e0 Metalinguistica nelle professioni: contributo di ricerca (tesi di laurea sessione invernale 1996) in http\/\/atelierdellascuola.mafrau.it\/area biblioteca\/formazione (1999);<\/li>\n\n\n\n<li>La Formazione: evoluzione di un processo in http\/\/atelierdellascuola.mafrau.it\/area biblioteca\/formazione (1999);<\/li>\n\n\n\n<li>Distorsioni in psicoterapia con soggetti omosessuali in \u201cINTEGRAZIONE nelle psicoterapie e nel counseling\u201d&nbsp; Edizioni scientifiche A.S.P.I.C. Roma (1998);<\/li>\n\n\n\n<li>&nbsp;From improoving learning to training through the use of multimedia in Atti del III taller internacional de psicolog\u00eca latinoamericana y caribena, Universidad de Oriente,&nbsp; Santiago de Cuba (1999).<\/li>\n<\/ol>\n","protected":false},"excerpt":{"rendered":"<p>Laura Rapan\u00e0 RAPAN\u00c0 L. (2020). Il Test DPA \u201cDimensional Personality Assessment\u201d.&nbsp;Integrazione nelle Psicoterapie, 10, 202-217. GIUSTI E., RAPAN\u00c0 L. (2019).&nbsp;La Supervisione Multivariata. Guida pratica per professionisti della relazione d\u2019aiuto in &hellip;<\/p>\n","protected":false},"author":1,"featured_media":0,"parent":10,"menu_order":0,"comment_status":"closed","ping_status":"closed","template":"","meta":{"footnotes":""},"class_list":["post-66","page","type-page","status-publish",""],"_links":{"self":[{"href":"https:\/\/www.centroaip.it\/index.php?rest_route=\/wp\/v2\/pages\/66","targetHints":{"allow":["GET"]}}],"collection":[{"href":"https:\/\/www.centroaip.it\/index.php?rest_route=\/wp\/v2\/pages"}],"about":[{"href":"https:\/\/www.centroaip.it\/index.php?rest_route=\/wp\/v2\/types\/page"}],"author":[{"embeddable":true,"href":"https:\/\/www.centroaip.it\/index.php?rest_route=\/wp\/v2\/users\/1"}],"replies":[{"embeddable":true,"href":"https:\/\/www.centroaip.it\/index.php?rest_route=%2Fwp%2Fv2%2Fcomments&post=66"}],"version-history":[{"count":2,"href":"https:\/\/www.centroaip.it\/index.php?rest_route=\/wp\/v2\/pages\/66\/revisions"}],"predecessor-version":[{"id":169,"href":"https:\/\/www.centroaip.it\/index.php?rest_route=\/wp\/v2\/pages\/66\/revisions\/169"}],"up":[{"embeddable":true,"href":"https:\/\/www.centroaip.it\/index.php?rest_route=\/wp\/v2\/pages\/10"}],"wp:attachment":[{"href":"https:\/\/www.centroaip.it\/index.php?rest_route=%2Fwp%2Fv2%2Fmedia&parent=66"}],"curies":[{"name":"wp","href":"https:\/\/api.w.org\/{rel}","templated":true}]}}